{"id":134,"date":"2021-03-03T15:16:24","date_gmt":"2021-03-03T15:16:24","guid":{"rendered":"https:\/\/sportvita.cl\/tests\/moralejacoach\/registro-de-estudiante\/"},"modified":"2021-03-03T15:16:24","modified_gmt":"2021-03-03T15:16:24","slug":"registro-de-estudiante","status":"publish","type":"page","link":"https:\/\/sportvita.cl\/tests\/moralejacoach\/registro-de-estudiante\/","title":{"rendered":"Registro de Estudiante"},"content":{"rendered":"\n\n<form method=\"post\" enctype=\"multipart\/form-data\">\n\n    \n\t<input type=\"hidden\" id=\"_tutor_nonce\" name=\"_tutor_nonce\" value=\"dd8b1c2f49\" \/><input type=\"hidden\" name=\"_wp_http_referer\" value=\"\/tests\/moralejacoach\/wp-json\/wp\/v2\/pages\/134\" \/>    <input type=\"hidden\" value=\"tutor_register_student\" name=\"tutor_action\"\/>\n\n    \n    <div class=\"tutor-form-row\">\n        <div class=\"tutor-form-col-6\">\n            <div class=\"tutor-form-group\">\n                <label>\n\t\t\t\t\tNombre                <\/label>\n\n                <input type=\"text\" name=\"first_name\" value=\"\" placeholder=\"Nombre\">\n            <\/div>\n        <\/div>\n\n        <div class=\"tutor-form-col-6\">\n            <div class=\"tutor-form-group\">\n                <label>\n\t\t\t\t\tApellidos                <\/label>\n\n                <input type=\"text\" name=\"last_name\" value=\"\" placeholder=\"Apellidos\">\n            <\/div>\n        <\/div>\n\n    <\/div>\n\n    <div class=\"tutor-form-row\">\n        <div class=\"tutor-form-col-6\">\n            <div class=\"tutor-form-group\">\n                <label>\n\t\t\t\t    Nombre de usuario                <\/label>\n\n                <input type=\"text\" name=\"user_login\" class=\"tutor_user_name\" value=\"\" placeholder=\"Nombre de usuario\">\n            <\/div>\n        <\/div>\n\n        <div class=\"tutor-form-col-6\">\n            <div class=\"tutor-form-group\">\n                <label>\n\t\t\t\t\tCorreo electr\u00f3nico                <\/label>\n\n                <input type=\"text\" name=\"email\" value=\"\" placeholder=\"Correo electr\u00f3nico\">\n            <\/div>\n        <\/div>\n\n    <\/div>\n\n    <div class=\"tutor-form-row\">\n        <div class=\"tutor-form-col-6\">\n            <div class=\"tutor-form-group\">\n                <label>\n\t\t\t\t\tContrase\u00f1a                <\/label>\n\n                <input type=\"password\" name=\"password\" value=\"\" placeholder=\"Contrase\u00f1a\">\n            <\/div>\n        <\/div>\n\n        <div class=\"tutor-form-col-6\">\n            <div class=\"tutor-form-group\">\n                <label>\n\t\t\t\t\tConfirmaci\u00f3n de contrase\u00f1a                <\/label>\n\n                <input type=\"password\" name=\"password_confirmation\" value=\"\" placeholder=\"Confirmaci\u00f3n de contrase\u00f1a\">\n            <\/div>\n        <\/div>\n    <\/div>\n\n\n    <div class=\"tutor-form-row\">\n        <div class=\"tutor-form-col-12\">\n            <div class=\"tutor-form-group\">\n                        <\/div>\n        <\/div>\n    <\/div>    \n\n    \n    <div class=\"tutor-form-row\">\n        <div class=\"tutor-form-col-12\">\n            <div class=\"tutor-form-group tutor-reg-form-btn-wrap\">\n                <button type=\"submit\" name=\"tutor_register_student_btn\" value=\"register\" class=\"tutor-button\">Reg\u00edstrate<\/button>\n            <\/div>\n        <\/div>\n    <\/div>\n\n<\/form>\n","protected":false},"excerpt":{"rendered":"<p>Nombre Apellidos Nombre de usuario Correo electr\u00f3nico Contrase\u00f1a Confirmaci\u00f3n de contrase\u00f1a Reg\u00edstrate<\/p>\n","protected":false},"author":1,"featured_media":0,"parent":0,"menu_order":0,"comment_status":"closed","ping_status":"closed","template":"","meta":{"footnotes":""},"class_list":["post-134","page","type-page","status-publish","hentry"],"_links":{"self":[{"href":"https:\/\/sportvita.cl\/tests\/moralejacoach\/wp-json\/wp\/v2\/pages\/134","targetHints":{"allow":["GET"]}}],"collection":[{"href":"https:\/\/sportvita.cl\/tests\/moralejacoach\/wp-json\/wp\/v2\/pages"}],"about":[{"href":"https:\/\/sportvita.cl\/tests\/moralejacoach\/wp-json\/wp\/v2\/types\/page"}],"author":[{"embeddable":true,"href":"https:\/\/sportvita.cl\/tests\/moralejacoach\/wp-json\/wp\/v2\/users\/1"}],"replies":[{"embeddable":true,"href":"https:\/\/sportvita.cl\/tests\/moralejacoach\/wp-json\/wp\/v2\/comments?post=134"}],"version-history":[{"count":1,"href":"https:\/\/sportvita.cl\/tests\/moralejacoach\/wp-json\/wp\/v2\/pages\/134\/revisions"}],"predecessor-version":[{"id":378,"href":"https:\/\/sportvita.cl\/tests\/moralejacoach\/wp-json\/wp\/v2\/pages\/134\/revisions\/378"}],"wp:attachment":[{"href":"https:\/\/sportvita.cl\/tests\/moralejacoach\/wp-json\/wp\/v2\/media?parent=134"}],"curies":[{"name":"wp","href":"https:\/\/api.w.org\/{rel}","templated":true}]}}